{"id":2335,"date":"2020-04-22T13:22:51","date_gmt":"2020-04-22T13:22:51","guid":{"rendered":"https:\/\/villa-blanka.eu\/sobe\/"},"modified":"2020-04-25T05:21:11","modified_gmt":"2020-04-25T05:21:11","slug":"sobe","status":"publish","type":"page","link":"https:\/\/villa-blanka.eu\/hr\/sobe\/","title":{"rendered":"Sobe"},"content":{"rendered":"<p>\r\n\r\n<link href=\"https:\/\/live.ipms247.com\/themes\/reservation\/css\/bookingbtn\/resui_bookingbox.css\" rel=\"stylesheet\" type=\"text\/css\" \/>\r\n<div class=\"bewarp\">\r\n<form name=\"_resBBBox\" action=\"https:\/\/booking.villa-blanka.eu\/booking\/book-rooms-guesthouseblanka\" target=\"_blank\" method=\"post\">\r\n<div class=\"bb_resbox\" id=\"bb_resBookingBox\"><\/div>\r\n<\/form><\/div>\r\n<script src=\"https:\/\/live.ipms247.com\/themes\/reservation\/js\/bookingbtn\/jquery-ui.js\" type=\"text\/javascript\"><\/script>\r\n<script src=\"https:\/\/villa-blanka.eu\/wp-content\/plugins\/ezeebookingbox\/commonbe.js?ver=1.8.7\"><\/script>\r\n<script src=\"https:\/\/live.ipms247.com\/themes\/reservation\/js\/bookingbtn\/resui_resbookingbox.js\" type=\"text\/javascript\"><\/script>\r\n<script>\r\njQuery(\"#bb_resBookingBox\").bb_resBookingBox({  \r\nbtnContainer: \"bb_resBookingBox\", \r\nheaderColor: \"#56c5d0\",  \r\nbodyColor: \"rgba(10, 10, 10, 0.6)\",  \r\nshowborder: false,\r\nBorderColor: \"rgba(0, 0, 0, 0.52)\",\r\nBorderWidth: 2,\r\nBorderType: \"solid\",\r\nFontFamily: \"Arial, Helvetica, sans-serif\",\r\nBodyLanguage:\"hr\", \r\nFontSize: \"12\",\r\nTextColor: \"#fff\",\r\nInputBorderColor: \"#e0e1e5\",\r\nInputbackColor: \"#fff\",\r\nInputTextColor: \"#000\",\r\nButnBackColor: \"#84a016\",\r\nButnBorderColor: \"#84a016\",\r\nButnTextColor: \"#fff\",\r\nHeaderTextColor: \"#000000\",\r\nHeaderFontSize: \"15\",\r\nShowHeader: \"0\",\r\nboxwidth: \"100\",\r\nboxwidthtype: \"TYPE_PER\",\r\nShowInlineCSS: \"1\",\r\ntype: \"htype\",\r\nacr:false, \r\nShowChild:false, \r\nrooms:false, \r\npromotion:true,\r\ndefaultadult:10, \r\ndefaultchild:10, \r\ndefaultroom:16, \r\nShowNights:false, \r\nNonights:15, \r\nHTextCaption: \"Reservation\",\r\nBtnTextCaption: \"Rezerviraj\",\r\nLblPromoCaption: \"Promo Code\",\r\nLblChkOutCaption: \"Odjava\",\r\nCalinit: true,\r\nCalShowOn: \"both\",\r\nCalDefaultDt: \"+0w\",\r\nCalChangeMonth: true,\r\nCalMinDate: \"0\",\r\nCalMaxDate: \"\",\r\nCalDtFormat: \"dd-mm-yy\",\r\nCalCutoffDays: \"1\",\r\nCalImage: \"1px -24px\",\r\nCalBackColor: \"#a0f2ea\",\r\nCalHeaderColor: \"#fff\",\r\nCalCellActiveColor: \"#101414\",\r\nCalCellInActiveColor: \"#c8dbda\",\r\nLblArrivalCaption: \"Prijava\",\r\nLblNightsCaption: \"Nights\",\r\nLblAdultsCaption: \"Adult\",\r\nLblChildsCaption: \"Child\",\r\nLblRoomsCaption: \"Rooms\",\r\nLblPerRoomCaption: \"Per Room\",\r\nHotelId:\"guesthouseblanka\"\r\n});  \r\n<\/script>\r\n<style>\r\n.iw-check-availability{ display:none;}\r\n.bewarp {   text-align: center; position:relative; top:-20px; }\r\n.bb_resbox { width:initial !important; display:inline-block; padding:10px;}\r\n.bb_resbox button.ui-datepicker-trigger {   padding: 0px;}\r\n.ui-datepicker .ui-datepicker-title select {    display: inline-block;}\r\n    .bb_resbox input[type=\"text\"] { line-height: 26px; margin: 0;}\r\n  .bb_resbox select{ height:44px; margin: 0;  min-width: 100%; line-height: 27px}\r\n  input[type=\"button\"]#bb_resBtn, input#bb_resBtn { margin-bottom:0px; -webkit-appearance: none;border-radius: 0;  line-height: 27px; font-weight: bold;}   \r\n#bb_resBtn:hover{color: #fff !important; background: #a6c52a !important; border: 1px solid #333 !important; margin-bottom:0px; }\r\n@media only screen and (max-width: 740px) {\r\n  .bb_resbox p {    width: 100%;       -moz-box-sizing: border-box;         box-sizing: border-box;    }\r\n  .bb_resbox input[type=\"text\"]{    width: 100%; }\r\n}\r\n<\/style>\r\n<br \/>\n[vc_row iw_layout=&#8221;wide-bg&#8221;][vc_column css=&#8221;.vc_custom_1468555416435{margin-top: -86px !important;margin-bottom: 125px !important;}&#8221;]<div class=\"iw-check-availability\">\r\n        <form action=\"https:\/\/villa-blanka.eu\/hr\/sobe\/\" method=\"post\">\r\n            <div class=\"form-group\">\r\n                <div class=\"row\">\r\n                    <div class=\"item col-md-3 col-sm-6 col-xs-12\">\r\n                        <div class=\"border\">\r\n                            <label>Check-in<\/label>\r\n                            <div class=\"input-group date availability-date\" id=\"iwb-availability-checkin\" data-value=\"2026-04-14\">\r\n                                <span class=\"datepicker-holder\">\r\n                                    <strong>14<\/strong>\/\r\n                                    travanj                                <\/span>\r\n                                <input name=\"checkin\" type=\"hidden\" value=\"\" class=\"form-control\"><span class=\"input-group-addon\"><i class=\"fa fa-angle-down\"><\/i><\/span>\r\n                            <\/div>\r\n                        <\/div>\r\n                    <\/div>\r\n                    <div class=\"item check-out col-md-3 col-sm-6 col-xs-12\">\r\n                        <div class=\"border\">\r\n                            <label>Check-out<\/label>\r\n                            <div class=\"input-group date availability-date\" id=\"iwb-availability-checkout\" data-value=\"2026-04-15\">\r\n                                <span class=\"datepicker-holder\">\r\n                                    <strong>15<\/strong>\/\r\n                                    travanj                                <\/span>\r\n                                <input name=\"checkout\" type=\"hidden\" value=\"\" class=\"form-control\"><span class=\"input-group-addon\"><i class=\"fa fa-angle-down\"><\/i><\/span>\r\n                            <\/div>\r\n                        <\/div>\r\n                    <\/div>\r\n                    <div class=\"item col-md-3 col-sm-6 col-xs-12\">\r\n                        <div class=\"guests border\">\r\n                            <label>Adult<\/label>\r\n                            <input class=\"guest-numbers\" name=\"adult\" value=\"01\">\r\n                            <span class=\"select-guest fa fa-angle-down\"><\/span>\r\n                            <div class=\"dropdown-guest\">\r\n                                <ul>\r\n                                    <li>01<\/li><li>02<\/li><li>03<\/li><li>04<\/li>                                <\/ul>\r\n                            <\/div>\r\n                        <\/div>\r\n                    <\/div>\r\n                    <div class=\"item availability col-md-3 col-sm-6 col-xs-12\">\r\n                        <div class=\"check-availability\">\r\n                            <span>Imate promotivni k\u00f4d?<\/span>\r\n                            <div class=\"action-availability\">\r\n                                <input type=\"hidden\" value=\"iwBookingSearchRooms\" name=\"action\"\/>\r\n                                <input type=\"hidden\" name=\"filter_room\" value=\"\"\/>\r\n                                <button class=\"input-button iw-bt-effect\" type=\"submit\" value=\"\">\r\n                                    <span>provjerite dostupnost<\/span>\r\n                                    <i class=\"ion-arrow-right-c\"><\/i>\r\n                                <\/button>\r\n                            <\/div>\r\n                        <\/div>\r\n                    <\/div>\r\n                <\/div>\r\n            <\/div>\r\n        <\/form>\r\n    <\/div>[\/vc_column][\/vc_row][vc_row iw_layout=&#8221;wide-content&#8221;][vc_column]<div class=\"iwb-rooms list\">\r\n    <div id=\"iw-isotope-main\" class=\"iwb-rooms-list\">\r\n        <div class=\"row\">\r\n                            <div class=\"iwb-room element-item item-odd\">\r\n                    <div class=\"room-inner\">\r\n                                                <a href=\"https:\/\/villa-blanka.eu\/hr\/iw-booking\/apartman-1\/\"><div class=\"img-wrap\" style=\"background: url('https:\/\/villa-blanka.eu\/wp-content\/uploads\/2020\/03\/IMG_0440-845x563.jpg') no-repeat scroll 0 0 \/ cover\"><\/div><\/a>\r\n                        <div class=\"room-info\">\r\n                            <div class=\"content\">\r\n                                                                <h3 class=\"title\"><a href=\"https:\/\/villa-blanka.eu\/hr\/iw-booking\/apartman-1\/\">Apartman 1<\/a><\/h3>\r\n                                <div class=\"detail-price\">\r\n                                    <span class=\"iwb-price\">Start from <span class=\"price\">&euro;125.00<\/span><span class=\"time\"> \/ Night<\/span><\/span>\r\n                                <\/div>\r\n                                                                <div class=\"description\">\r\n                                                                        Ovaj apartman sadr\u017ei balkon, kuhinjsko posu\u0111e i kau\u010d. &#8230;\n&nbsp;\n\n\n&nbsp;\n\n...                                <\/div>\r\n\r\n                                <ul class=\"room-meta\">\r\n                                    <li class=\"available\">Status: <span class=\"room-left\">2 Rooms left<\/span><\/li>\r\n                                    <li class=\"deposit\">Deposit: <span>Required 15%<\/span><\/li>\r\n                                    <li class=\"beds\">Beds: <span>01<\/span><\/li>\r\n                                    <li class=\"passenger\">Persons: <span>04<\/span><\/li>\r\n                                <\/ul>\r\n                                <div class=\"view-detail\"><a href=\"https:\/\/villa-blanka.eu\/hr\/iw-booking\/apartman-1\/\">View Detail <i class=\"ion-play\"><\/i><\/a><\/div>\r\n                            <\/div>\r\n                            <div class=\"category-number\">\r\n                                <div class=\"category\">Deluxe<\/div>                                <div class=\"number\">01<\/div>\r\n                            <\/div>\r\n                        <\/div>\r\n                        <div style=\"clear: both\"><\/div>\r\n                    <\/div>\r\n                <\/div>\r\n                            <div class=\"iwb-room element-item item-even\">\r\n                    <div class=\"room-inner\">\r\n                                                <a href=\"https:\/\/villa-blanka.eu\/hr\/iw-booking\/suite-2\/\"><div class=\"img-wrap\" style=\"background: url('https:\/\/villa-blanka.eu\/wp-content\/uploads\/2020\/03\/IMG_9975-scaled-845x563.jpg') no-repeat scroll 0 0 \/ cover\"><\/div><\/a>\r\n                        <div class=\"room-info\">\r\n                            <div class=\"content\">\r\n                                                                <h3 class=\"title\"><a href=\"https:\/\/villa-blanka.eu\/hr\/iw-booking\/suite-2\/\">Apartman 2<\/a><\/h3>\r\n                                <div class=\"detail-price\">\r\n                                    <span class=\"iwb-price\">Start from <span class=\"price\">&euro;160.00<\/span><span class=\"time\"> \/ Night<\/span><\/span>\r\n                                <\/div>\r\n                                                                <div class=\"description\">\r\n                                                                        Ovaj apartman sadr\u017ei balkon, kuhinjsko posu\u0111e i kau\u010d. &#8230;\n\n\r\n\r\n\r\n\r\n\r\n\r\n\r\n\r\n\r\n\r\n\r\njQuery(\\\"#bb_resBookingBox\\\").bb_resBookingBox({  \r\nbtnContainer: \\\"bb_resBookingBox\\\", \r\nheaderColor: \\\"#56c5d0\\\",  \r\nbodyColor: \\\"rgba(10, 10, 10, 0.6)\\\",  \r\nsh...                                <\/div>\r\n\r\n                                <ul class=\"room-meta\">\r\n                                    <li class=\"available\">Status: <span class=\"room-left\">3 Rooms left<\/span><\/li>\r\n                                    <li class=\"deposit\">Deposit: <span>Required 15%<\/span><\/li>\r\n                                    <li class=\"beds\">Beds: <span>03<\/span><\/li>\r\n                                    <li class=\"passenger\">Persons: <span>04<\/span><\/li>\r\n                                <\/ul>\r\n                                <div class=\"view-detail\"><a href=\"https:\/\/villa-blanka.eu\/hr\/iw-booking\/suite-2\/\">View Detail <i class=\"ion-play\"><\/i><\/a><\/div>\r\n                            <\/div>\r\n                            <div class=\"category-number\">\r\n                                <div class=\"category\">Deluxe<\/div>                                <div class=\"number\">02<\/div>\r\n                            <\/div>\r\n                        <\/div>\r\n                        <div style=\"clear: both\"><\/div>\r\n                    <\/div>\r\n                <\/div>\r\n                            <div class=\"iwb-room element-item item-odd\">\r\n                    <div class=\"room-inner\">\r\n                                                <a href=\"https:\/\/villa-blanka.eu\/hr\/iw-booking\/apartman-3\/\"><div class=\"img-wrap\" style=\"background: url('https:\/\/villa-blanka.eu\/wp-content\/uploads\/2020\/03\/IMG_0177-scaled-845x563.jpeg') no-repeat scroll 0 0 \/ cover\"><\/div><\/a>\r\n                        <div class=\"room-info\">\r\n                            <div class=\"content\">\r\n                                                                <h3 class=\"title\"><a href=\"https:\/\/villa-blanka.eu\/hr\/iw-booking\/apartman-3\/\">Apartman 3<\/a><\/h3>\r\n                                <div class=\"detail-price\">\r\n                                    <span class=\"iwb-price\">Start from <span class=\"price\">&euro;160.00<\/span><span class=\"time\"> \/ Night<\/span><\/span>\r\n                                <\/div>\r\n                                                                <div class=\"description\">\r\n                                                                        Ovaj apartman sadr\u017ei balkon, kuhinjsko posu\u0111e i kau\u010d. &#8230;\n&nbsp;\n\n\n&nbsp;\n\n...                                <\/div>\r\n\r\n                                <ul class=\"room-meta\">\r\n                                    <li class=\"available\">Status: <span class=\"room-left\">2 Rooms left<\/span><\/li>\r\n                                    <li class=\"deposit\">Deposit: <span>Required 15%<\/span><\/li>\r\n                                    <li class=\"beds\">Beds: <span>03<\/span><\/li>\r\n                                    <li class=\"passenger\">Persons: <span>05<\/span><\/li>\r\n                                <\/ul>\r\n                                <div class=\"view-detail\"><a href=\"https:\/\/villa-blanka.eu\/hr\/iw-booking\/apartman-3\/\">View Detail <i class=\"ion-play\"><\/i><\/a><\/div>\r\n                            <\/div>\r\n                            <div class=\"category-number\">\r\n                                <div class=\"category\">Deluxe<\/div>                                <div class=\"number\">03<\/div>\r\n                            <\/div>\r\n                        <\/div>\r\n                        <div style=\"clear: both\"><\/div>\r\n                    <\/div>\r\n                <\/div>\r\n                            <div class=\"iwb-room element-item item-even\">\r\n                    <div class=\"room-inner\">\r\n                                                <a href=\"https:\/\/villa-blanka.eu\/hr\/iw-booking\/suite-4\/\"><div class=\"img-wrap\" style=\"background: url('https:\/\/villa-blanka.eu\/wp-content\/uploads\/2020\/03\/IMG_0358-scaled-845x563.jpg') no-repeat scroll 0 0 \/ cover\"><\/div><\/a>\r\n                        <div class=\"room-info\">\r\n                            <div class=\"content\">\r\n                                                                <h3 class=\"title\"><a href=\"https:\/\/villa-blanka.eu\/hr\/iw-booking\/suite-4\/\">Apartman 4<\/a><\/h3>\r\n                                <div class=\"detail-price\">\r\n                                    <span class=\"iwb-price\">Start from <span class=\"price\">&euro;100.00<\/span><span class=\"time\"> \/ Night<\/span><\/span>\r\n                                <\/div>\r\n                                                                <div class=\"description\">\r\n                                                                        Ovaj apartman sadr\u017ei balkon, kuhinjsko posu\u0111e i kau\u010d. &#8230;\n&nbsp;\n\n\n&nbsp;\n\n\n...                                <\/div>\r\n\r\n                                <ul class=\"room-meta\">\r\n                                    <li class=\"available\">Status: <span class=\"room-left\">2 Rooms left<\/span><\/li>\r\n                                    <li class=\"deposit\">Deposit: <span>Required 15%<\/span><\/li>\r\n                                    <li class=\"beds\">Beds: <span>02<\/span><\/li>\r\n                                    <li class=\"passenger\">Persons: <span>03<\/span><\/li>\r\n                                <\/ul>\r\n                                <div class=\"view-detail\"><a href=\"https:\/\/villa-blanka.eu\/hr\/iw-booking\/suite-4\/\">View Detail <i class=\"ion-play\"><\/i><\/a><\/div>\r\n                            <\/div>\r\n                            <div class=\"category-number\">\r\n                                <div class=\"category\">Deluxe<\/div>                                <div class=\"number\">04<\/div>\r\n                            <\/div>\r\n                        <\/div>\r\n                        <div style=\"clear: both\"><\/div>\r\n                    <\/div>\r\n                <\/div>\r\n                    <\/div>\r\n    <\/div>\r\n    <div class=\"load-more-post\">\r\n            <\/div>\r\n<\/div>[\/vc_column][\/vc_row]<\/p>\n","protected":false},"excerpt":{"rendered":"<p>[vc_row iw_layout=&#8221;wide-bg&#8221;][vc_column css=&#8221;.vc_custom_1468555416435{margin-top: -86px !important;margin-bottom: 125px !important;}&#8221;][\/vc_column][\/vc_row][vc_row iw_layout=&#8221;wide-content&#8221;][vc_column][\/vc_column][\/vc_row]<\/p>\n","protected":false},"author":1,"featured_media":0,"parent":0,"menu_order":14,"comment_status":"closed","ping_status":"closed","template":"page-templates\/full-with.php","meta":{"ngg_post_thumbnail":0,"footnotes":""},"yoast_head":"<!-- This site is optimized with the Yoast SEO plugin v22.9 - https:\/\/yoast.com\/wordpress\/plugins\/seo\/ -->\n<title>Sobe - Villa Blanka<\/title>\n<meta name=\"robots\" content=\"index, follow, max-snippet:-1, max-image-preview:large, max-video-preview:-1\" \/>\n<link rel=\"canonical\" href=\"https:\/\/villa-blanka.eu\/hr\/sobe\/\" \/>\n<meta property=\"og:locale\" content=\"hr_HR\" \/>\n<meta property=\"og:type\" content=\"article\" \/>\n<meta property=\"og:title\" content=\"Sobe - Villa Blanka\" \/>\n<meta property=\"og:description\" content=\"[vc_row iw_layout=&#8221;wide-bg&#8221;][vc_column css=&#8221;.vc_custom_1468555416435{margin-top: -86px !important;margin-bottom: 125px !important;}&#8221;][\/vc_column][\/vc_row][vc_row iw_layout=&#8221;wide-content&#8221;][vc_column][\/vc_column][\/vc_row]\" \/>\n<meta property=\"og:url\" content=\"https:\/\/villa-blanka.eu\/hr\/sobe\/\" \/>\n<meta property=\"og:site_name\" content=\"Villa Blanka\" \/>\n<meta property=\"article:modified_time\" content=\"2020-04-25T05:21:11+00:00\" \/>\n<meta name=\"twitter:card\" content=\"summary_large_image\" \/>\n<script type=\"application\/ld+json\" class=\"yoast-schema-graph\">{\"@context\":\"https:\/\/schema.org\",\"@graph\":[{\"@type\":\"WebPage\",\"@id\":\"https:\/\/villa-blanka.eu\/hr\/sobe\/\",\"url\":\"https:\/\/villa-blanka.eu\/hr\/sobe\/\",\"name\":\"Sobe - Villa Blanka\",\"isPartOf\":{\"@id\":\"https:\/\/villa-blanka.eu\/#website\"},\"datePublished\":\"2020-04-22T13:22:51+00:00\",\"dateModified\":\"2020-04-25T05:21:11+00:00\",\"breadcrumb\":{\"@id\":\"https:\/\/villa-blanka.eu\/hr\/sobe\/#breadcrumb\"},\"inLanguage\":\"hr\",\"potentialAction\":[{\"@type\":\"ReadAction\",\"target\":[\"https:\/\/villa-blanka.eu\/hr\/sobe\/\"]}]},{\"@type\":\"BreadcrumbList\",\"@id\":\"https:\/\/villa-blanka.eu\/hr\/sobe\/#breadcrumb\",\"itemListElement\":[{\"@type\":\"ListItem\",\"position\":1,\"name\":\"Home\",\"item\":\"https:\/\/villa-blanka.eu\/hr\/\"},{\"@type\":\"ListItem\",\"position\":2,\"name\":\"Sobe\"}]},{\"@type\":\"WebSite\",\"@id\":\"https:\/\/villa-blanka.eu\/#website\",\"url\":\"https:\/\/villa-blanka.eu\/\",\"name\":\"Villa Blanka\",\"description\":\"Luxury villa Blanka\",\"publisher\":{\"@id\":\"https:\/\/villa-blanka.eu\/#organization\"},\"potentialAction\":[{\"@type\":\"SearchAction\",\"target\":{\"@type\":\"EntryPoint\",\"urlTemplate\":\"https:\/\/villa-blanka.eu\/?s={search_term_string}\"},\"query-input\":\"required name=search_term_string\"}],\"inLanguage\":\"hr\"},{\"@type\":\"Organization\",\"@id\":\"https:\/\/villa-blanka.eu\/#organization\",\"name\":\"Villa Blanka\",\"url\":\"https:\/\/villa-blanka.eu\/\",\"logo\":{\"@type\":\"ImageObject\",\"inLanguage\":\"hr\",\"@id\":\"https:\/\/villa-blanka.eu\/#\/schema\/logo\/image\/\",\"url\":\"https:\/\/villa-blanka.eu\/wp-content\/uploads\/2020\/03\/logo-3a.png\",\"contentUrl\":\"https:\/\/villa-blanka.eu\/wp-content\/uploads\/2020\/03\/logo-3a.png\",\"width\":100,\"height\":111,\"caption\":\"Villa Blanka\"},\"image\":{\"@id\":\"https:\/\/villa-blanka.eu\/#\/schema\/logo\/image\/\"}}]}<\/script>\n<!-- \/ Yoast SEO plugin. -->","yoast_head_json":{"title":"Sobe - Villa Blanka","robots":{"index":"index","follow":"follow","max-snippet":"max-snippet:-1","max-image-preview":"max-image-preview:large","max-video-preview":"max-video-preview:-1"},"canonical":"https:\/\/villa-blanka.eu\/hr\/sobe\/","og_locale":"hr_HR","og_type":"article","og_title":"Sobe - Villa Blanka","og_description":"[vc_row iw_layout=&#8221;wide-bg&#8221;][vc_column css=&#8221;.vc_custom_1468555416435{margin-top: -86px !important;margin-bottom: 125px !important;}&#8221;][\/vc_column][\/vc_row][vc_row iw_layout=&#8221;wide-content&#8221;][vc_column][\/vc_column][\/vc_row]","og_url":"https:\/\/villa-blanka.eu\/hr\/sobe\/","og_site_name":"Villa Blanka","article_modified_time":"2020-04-25T05:21:11+00:00","twitter_card":"summary_large_image","schema":{"@context":"https:\/\/schema.org","@graph":[{"@type":"WebPage","@id":"https:\/\/villa-blanka.eu\/hr\/sobe\/","url":"https:\/\/villa-blanka.eu\/hr\/sobe\/","name":"Sobe - Villa Blanka","isPartOf":{"@id":"https:\/\/villa-blanka.eu\/#website"},"datePublished":"2020-04-22T13:22:51+00:00","dateModified":"2020-04-25T05:21:11+00:00","breadcrumb":{"@id":"https:\/\/villa-blanka.eu\/hr\/sobe\/#breadcrumb"},"inLanguage":"hr","potentialAction":[{"@type":"ReadAction","target":["https:\/\/villa-blanka.eu\/hr\/sobe\/"]}]},{"@type":"BreadcrumbList","@id":"https:\/\/villa-blanka.eu\/hr\/sobe\/#breadcrumb","itemListElement":[{"@type":"ListItem","position":1,"name":"Home","item":"https:\/\/villa-blanka.eu\/hr\/"},{"@type":"ListItem","position":2,"name":"Sobe"}]},{"@type":"WebSite","@id":"https:\/\/villa-blanka.eu\/#website","url":"https:\/\/villa-blanka.eu\/","name":"Villa Blanka","description":"Luxury villa Blanka","publisher":{"@id":"https:\/\/villa-blanka.eu\/#organization"},"potentialAction":[{"@type":"SearchAction","target":{"@type":"EntryPoint","urlTemplate":"https:\/\/villa-blanka.eu\/?s={search_term_string}"},"query-input":"required name=search_term_string"}],"inLanguage":"hr"},{"@type":"Organization","@id":"https:\/\/villa-blanka.eu\/#organization","name":"Villa Blanka","url":"https:\/\/villa-blanka.eu\/","logo":{"@type":"ImageObject","inLanguage":"hr","@id":"https:\/\/villa-blanka.eu\/#\/schema\/logo\/image\/","url":"https:\/\/villa-blanka.eu\/wp-content\/uploads\/2020\/03\/logo-3a.png","contentUrl":"https:\/\/villa-blanka.eu\/wp-content\/uploads\/2020\/03\/logo-3a.png","width":100,"height":111,"caption":"Villa Blanka"},"image":{"@id":"https:\/\/villa-blanka.eu\/#\/schema\/logo\/image\/"}}]}},"_links":{"self":[{"href":"https:\/\/villa-blanka.eu\/hr\/wp-json\/wp\/v2\/pages\/2335"}],"collection":[{"href":"https:\/\/villa-blanka.eu\/hr\/wp-json\/wp\/v2\/pages"}],"about":[{"href":"https:\/\/villa-blanka.eu\/hr\/wp-json\/wp\/v2\/types\/page"}],"author":[{"embeddable":true,"href":"https:\/\/villa-blanka.eu\/hr\/wp-json\/wp\/v2\/users\/1"}],"replies":[{"embeddable":true,"href":"https:\/\/villa-blanka.eu\/hr\/wp-json\/wp\/v2\/comments?post=2335"}],"version-history":[{"count":6,"href":"https:\/\/villa-blanka.eu\/hr\/wp-json\/wp\/v2\/pages\/2335\/revisions"}],"predecessor-version":[{"id":2411,"href":"https:\/\/villa-blanka.eu\/hr\/wp-json\/wp\/v2\/pages\/2335\/revisions\/2411"}],"wp:attachment":[{"href":"https:\/\/villa-blanka.eu\/hr\/wp-json\/wp\/v2\/media?parent=2335"}],"curies":[{"name":"wp","href":"https:\/\/api.w.org\/{rel}","templated":true}]}}