{"id":2320,"date":"2020-04-22T13:11:02","date_gmt":"2020-04-22T13:11:02","guid":{"rendered":"https:\/\/villa-blanka.eu\/pravila-o-privatnosti\/"},"modified":"2020-04-22T13:11:03","modified_gmt":"2020-04-22T13:11:03","slug":"pravila-o-privatnosti","status":"publish","type":"page","link":"https:\/\/villa-blanka.eu\/hr\/pravila-o-privatnosti\/","title":{"rendered":"Pravila o privatnosti"},"content":{"rendered":"<h2 class=\"wp-block-heading\">Tko smo mi<\/h2><p>Adresa na\u0161e web stranice je: http:\/\/villa-blanka.eu.<\/p><h2 class=\"wp-block-heading\">Koje osobne podatke prikupljamo i za\u0161to ih prikupljamo<\/h2><h3 class=\"wp-block-heading\">Komentari<\/h3><p>Kada posjetitelji ostavljaju komentare na web mjestu, prikupljamo podatke prikazane u obrascu za komentare, kao i IP adresu posjetitelja i niz korisni\u010dkih agenata preglednika kako bi pomogli u otkrivanju ne\u017eeljene po\u0161te.<\/p><p>Anonimni niz stvoren s adrese e-po\u0161te (koja se tako\u0111er naziva hash) mo\u017ee se dostaviti usluzi Gravatar da vidi koristi li je. Pravila o privatnosti usluge Gravatar dostupna su ovdje: https:\/\/automattic.com\/privacy\/. Nakon odobrenja va\u0161eg komentara, slika va\u0161eg profila vidljiva je javnosti u kontekstu va\u0161eg komentara.<\/p><h3 class=\"wp-block-heading\">Media<\/h3><p>Ako slike u\u010ditate na web mjesto, trebali biste izbjegavati prijenos slika sa uklju\u010denim podacima o lokaciji (EXIF GPS). Posjetitelji web stranice mogu preuzeti i izvu\u0107i sve podatke o lokaciji iz slika na web mjestu.<\/p><h3 class=\"wp-block-heading\">Kontakt forme<\/h3><h3 class=\"wp-block-heading\">Kola\u010di\u0107i<\/h3><p>Ako ostavite komentar na na\u0161oj web stranici, mo\u017eete se uklju\u010diti u spremanje va\u0161eg imena, adrese e-po\u0161te i web stranice u kola\u010di\u0107e. Ovo je za va\u0161u udobnost tako da vam ne bi trebalo ponovno ispunjavati svoje podatke kada ostavljate drugi komentar. Ovi kola\u010di\u0107i trajat \u0107e godinu dana.<\/p><p>Ako posjetite na\u0161u stranicu za prijavu, postavit \u0107emo privremeni kola\u010di\u0107 kako bismo utvrdili prihva\u0107a li va\u0161 preglednik kola\u010di\u0107e. Ovaj kola\u010di\u0107 ne sadr\u017ei osobne podatke i odbacuje se kada zatvorite preglednik.<\/p><p>Kad se prijavite, tako\u0111er \u0107emo postaviti nekoliko kola\u010di\u0107a za spremanje podataka o prijavi i izbora zaslona. Kola\u010di\u0107i za prijavu traju dva dana, a kola\u010di\u0107i opcija zaslona traju godinu dana. Ako odaberete &#8220;Upamti me&#8221;, prijava \u0107e trajati dva tjedna. Ako se odjavite sa svog ra\u010duna, kola\u010di\u0107i za prijavu bit \u0107e uklonjeni.<\/p><p>Ako uredite ili objavite \u010dlanak, u va\u0161 \u0107e se preglednik spremati dodatni kola\u010di\u0107. Ovaj kola\u010di\u0107 ne sadr\u017ei nikakve osobne podatke i jednostavno ozna\u010dava ID posta \u010dlanka koji ste upravo uredili. Isti\u010de nakon 1 dana.<\/p><h3 class=\"wp-block-heading\">Ugra\u0111eni sadr\u017eaj s drugih web stranica<\/h3><p>\u010clanci na ovoj web stranici mogu sadr\u017eavati ugra\u0111eni sadr\u017eaj (npr. Videozapisi, slike, \u010dlanci itd.). Ugra\u0111eni sadr\u017eaj s drugih web lokacija pona\u0161a se na potpuno isti na\u010din kao da je posjetitelj posjetio drugu web stranicu.<\/p><p>Te web stranice mogu prikupljati podatke o vama, upotrebljavati kola\u010di\u0107e, ugra\u0111ivati dodatno pra\u0107enje tre\u0107e strane i nadzirati va\u0161u interakciju s tim ugra\u0111enim sadr\u017eajem, uklju\u010duju\u0107i pra\u0107enje va\u0161e interakcije s ugra\u0111enim sadr\u017eajem ako imate ra\u010dun i prijavljeni ste na toj web lokaciji.<\/p><h3 class=\"wp-block-heading\">Analitika<\/h3><h2 class=\"wp-block-heading\">S kim dijelimo va\u0161e podatke<\/h2><h2 class=\"wp-block-heading\">Koliko dugo \u010duvamo va\u0161e podatke<\/h2><p>Ako ostavite komentar, komentar i njegovi metapodaci zadr\u017eavaju se u nedogled. To je na\u010din da automatski mo\u017eemo prepoznati i odobriti sve daljnje komentare, umjesto da ih dr\u017eimo u redu za moderiranje.<\/p><p>Za korisnike koji se registriraju na na\u0161oj web stranici (ako postoje), tako\u0111er pohranjujemo osobne podatke koje daju u njihov korisni\u010dki profil. Svi korisnici mogu vidjeti, urediti ili izbrisati svoje osobne podatke u bilo kojem trenutku (osim \u0161to ne mogu promijeniti korisni\u010dko ime). Administratori web mjesta mogu tako\u0111er vidjeti i urediti te podatke.<\/p><h2 class=\"wp-block-heading\">Koja su prava nad va\u0161im podacima<\/h2><p>Ako na ovoj web stranici imate ra\u010dun ili ste ostavili komentare, mo\u017eete zatra\u017eiti primanje izvezene datoteke osobnih podataka koje imamo o vama, uklju\u010duju\u0107i sve podatke koje ste nam dostavili. Mo\u017eete i zatra\u017eiti da izbri\u0161emo sve osobne podatke koje imamo o vama. To ne uklju\u010duje podatke koje smo du\u017eni \u010duvati u administrativne, pravne ili sigurnosne svrhe.<\/p><h2 class=\"wp-block-heading\">Kamo \u0161aljemo va\u0161e podatke<\/h2><p>Komentari posjetitelja mogu se provjeriti putem automatizirane usluge otkrivanja ne\u017eeljene po\u0161te.<\/p><h2 class=\"wp-block-heading\">Va\u0161i podaci za kontakt<\/h2><h2 class=\"wp-block-heading\">Dodatne informacije<\/h2><h3 class=\"wp-block-heading\">Kako \u0161titimo va\u0161e podatke<\/h3><h3 class=\"wp-block-heading\">Koje postupke kr\u0161enja podataka imamo<\/h3><h3 class=\"wp-block-heading\">Od kojih tre\u0107ih strana primamo podatke<\/h3><h3 class=\"wp-block-heading\">\u0160to automatizirano odlu\u010divanje i \/ ili profiliranje radimo s korisni\u010dkim podacima<\/h3><h3 class=\"wp-block-heading\">Zahtjevi za regulatornim objavljivanjem u industriji<\/h3>","protected":false},"excerpt":{"rendered":"<p>Tko smo mi Adresa na\u0161e web stranice je: http:\/\/villa-blanka.eu. Koje osobne podatke prikupljamo i za\u0161to ih prikupljamo Komentari Kada posjetitelji ostavljaju komentare na web mjestu, prikupljamo podatke prikazane u obrascu za komentare, kao i IP adresu posjetitelja i niz korisni\u010dkih agenata preglednika kako bi pomogli u otkrivanju ne\u017eeljene po\u0161te. Anonimni niz stvoren s adrese e-po\u0161te&hellip;<\/p>\n","protected":false},"author":1,"featured_media":0,"parent":0,"menu_order":0,"comment_status":"closed","ping_status":"open","template":"","meta":{"ngg_post_thumbnail":0,"footnotes":""},"yoast_head":"<!-- This site is optimized with the Yoast SEO plugin v22.9 - https:\/\/yoast.com\/wordpress\/plugins\/seo\/ -->\n<title>Pravila o privatnosti - Villa Blanka<\/title>\n<meta name=\"robots\" content=\"index, follow, max-snippet:-1, max-image-preview:large, max-video-preview:-1\" \/>\n<link rel=\"canonical\" href=\"https:\/\/villa-blanka.eu\/hr\/pravila-o-privatnosti\/\" \/>\n<meta property=\"og:locale\" content=\"hr_HR\" \/>\n<meta property=\"og:type\" content=\"article\" \/>\n<meta property=\"og:title\" content=\"Pravila o privatnosti - Villa Blanka\" \/>\n<meta property=\"og:description\" content=\"Tko smo mi Adresa na\u0161e web stranice je: http:\/\/villa-blanka.eu. Koje osobne podatke prikupljamo i za\u0161to ih prikupljamo Komentari Kada posjetitelji ostavljaju komentare na web mjestu, prikupljamo podatke prikazane u obrascu za komentare, kao i IP adresu posjetitelja i niz korisni\u010dkih agenata preglednika kako bi pomogli u otkrivanju ne\u017eeljene po\u0161te. Anonimni niz stvoren s adrese e-po\u0161te&hellip;\" \/>\n<meta property=\"og:url\" content=\"https:\/\/villa-blanka.eu\/hr\/pravila-o-privatnosti\/\" \/>\n<meta property=\"og:site_name\" content=\"Villa Blanka\" \/>\n<meta property=\"article:modified_time\" content=\"2020-04-22T13:11:03+00:00\" \/>\n<meta name=\"twitter:card\" content=\"summary_large_image\" \/>\n<meta name=\"twitter:label1\" content=\"Procijenjeno vrijeme \u010ditanja\" \/>\n\t<meta name=\"twitter:data1\" content=\"3 minute\" \/>\n<script type=\"application\/ld+json\" class=\"yoast-schema-graph\">{\"@context\":\"https:\/\/schema.org\",\"@graph\":[{\"@type\":\"WebPage\",\"@id\":\"https:\/\/villa-blanka.eu\/hr\/pravila-o-privatnosti\/\",\"url\":\"https:\/\/villa-blanka.eu\/hr\/pravila-o-privatnosti\/\",\"name\":\"Pravila o privatnosti - Villa Blanka\",\"isPartOf\":{\"@id\":\"https:\/\/villa-blanka.eu\/#website\"},\"datePublished\":\"2020-04-22T13:11:02+00:00\",\"dateModified\":\"2020-04-22T13:11:03+00:00\",\"breadcrumb\":{\"@id\":\"https:\/\/villa-blanka.eu\/hr\/pravila-o-privatnosti\/#breadcrumb\"},\"inLanguage\":\"hr\",\"potentialAction\":[{\"@type\":\"ReadAction\",\"target\":[\"https:\/\/villa-blanka.eu\/hr\/pravila-o-privatnosti\/\"]}]},{\"@type\":\"BreadcrumbList\",\"@id\":\"https:\/\/villa-blanka.eu\/hr\/pravila-o-privatnosti\/#breadcrumb\",\"itemListElement\":[{\"@type\":\"ListItem\",\"position\":1,\"name\":\"Home\",\"item\":\"https:\/\/villa-blanka.eu\/hr\/\"},{\"@type\":\"ListItem\",\"position\":2,\"name\":\"Pravila o privatnosti\"}]},{\"@type\":\"WebSite\",\"@id\":\"https:\/\/villa-blanka.eu\/#website\",\"url\":\"https:\/\/villa-blanka.eu\/\",\"name\":\"Villa Blanka\",\"description\":\"Luxury villa Blanka\",\"publisher\":{\"@id\":\"https:\/\/villa-blanka.eu\/#organization\"},\"potentialAction\":[{\"@type\":\"SearchAction\",\"target\":{\"@type\":\"EntryPoint\",\"urlTemplate\":\"https:\/\/villa-blanka.eu\/?s={search_term_string}\"},\"query-input\":\"required name=search_term_string\"}],\"inLanguage\":\"hr\"},{\"@type\":\"Organization\",\"@id\":\"https:\/\/villa-blanka.eu\/#organization\",\"name\":\"Villa Blanka\",\"url\":\"https:\/\/villa-blanka.eu\/\",\"logo\":{\"@type\":\"ImageObject\",\"inLanguage\":\"hr\",\"@id\":\"https:\/\/villa-blanka.eu\/#\/schema\/logo\/image\/\",\"url\":\"https:\/\/villa-blanka.eu\/wp-content\/uploads\/2020\/03\/logo-3a.png\",\"contentUrl\":\"https:\/\/villa-blanka.eu\/wp-content\/uploads\/2020\/03\/logo-3a.png\",\"width\":100,\"height\":111,\"caption\":\"Villa Blanka\"},\"image\":{\"@id\":\"https:\/\/villa-blanka.eu\/#\/schema\/logo\/image\/\"}}]}<\/script>\n<!-- \/ Yoast SEO plugin. -->","yoast_head_json":{"title":"Pravila o privatnosti - Villa Blanka","robots":{"index":"index","follow":"follow","max-snippet":"max-snippet:-1","max-image-preview":"max-image-preview:large","max-video-preview":"max-video-preview:-1"},"canonical":"https:\/\/villa-blanka.eu\/hr\/pravila-o-privatnosti\/","og_locale":"hr_HR","og_type":"article","og_title":"Pravila o privatnosti - Villa Blanka","og_description":"Tko smo mi Adresa na\u0161e web stranice je: http:\/\/villa-blanka.eu. Koje osobne podatke prikupljamo i za\u0161to ih prikupljamo Komentari Kada posjetitelji ostavljaju komentare na web mjestu, prikupljamo podatke prikazane u obrascu za komentare, kao i IP adresu posjetitelja i niz korisni\u010dkih agenata preglednika kako bi pomogli u otkrivanju ne\u017eeljene po\u0161te. Anonimni niz stvoren s adrese e-po\u0161te&hellip;","og_url":"https:\/\/villa-blanka.eu\/hr\/pravila-o-privatnosti\/","og_site_name":"Villa Blanka","article_modified_time":"2020-04-22T13:11:03+00:00","twitter_card":"summary_large_image","twitter_misc":{"Procijenjeno vrijeme \u010ditanja":"3 minute"},"schema":{"@context":"https:\/\/schema.org","@graph":[{"@type":"WebPage","@id":"https:\/\/villa-blanka.eu\/hr\/pravila-o-privatnosti\/","url":"https:\/\/villa-blanka.eu\/hr\/pravila-o-privatnosti\/","name":"Pravila o privatnosti - Villa Blanka","isPartOf":{"@id":"https:\/\/villa-blanka.eu\/#website"},"datePublished":"2020-04-22T13:11:02+00:00","dateModified":"2020-04-22T13:11:03+00:00","breadcrumb":{"@id":"https:\/\/villa-blanka.eu\/hr\/pravila-o-privatnosti\/#breadcrumb"},"inLanguage":"hr","potentialAction":[{"@type":"ReadAction","target":["https:\/\/villa-blanka.eu\/hr\/pravila-o-privatnosti\/"]}]},{"@type":"BreadcrumbList","@id":"https:\/\/villa-blanka.eu\/hr\/pravila-o-privatnosti\/#breadcrumb","itemListElement":[{"@type":"ListItem","position":1,"name":"Home","item":"https:\/\/villa-blanka.eu\/hr\/"},{"@type":"ListItem","position":2,"name":"Pravila o privatnosti"}]},{"@type":"WebSite","@id":"https:\/\/villa-blanka.eu\/#website","url":"https:\/\/villa-blanka.eu\/","name":"Villa Blanka","description":"Luxury villa Blanka","publisher":{"@id":"https:\/\/villa-blanka.eu\/#organization"},"potentialAction":[{"@type":"SearchAction","target":{"@type":"EntryPoint","urlTemplate":"https:\/\/villa-blanka.eu\/?s={search_term_string}"},"query-input":"required name=search_term_string"}],"inLanguage":"hr"},{"@type":"Organization","@id":"https:\/\/villa-blanka.eu\/#organization","name":"Villa Blanka","url":"https:\/\/villa-blanka.eu\/","logo":{"@type":"ImageObject","inLanguage":"hr","@id":"https:\/\/villa-blanka.eu\/#\/schema\/logo\/image\/","url":"https:\/\/villa-blanka.eu\/wp-content\/uploads\/2020\/03\/logo-3a.png","contentUrl":"https:\/\/villa-blanka.eu\/wp-content\/uploads\/2020\/03\/logo-3a.png","width":100,"height":111,"caption":"Villa Blanka"},"image":{"@id":"https:\/\/villa-blanka.eu\/#\/schema\/logo\/image\/"}}]}},"_links":{"self":[{"href":"https:\/\/villa-blanka.eu\/hr\/wp-json\/wp\/v2\/pages\/2320"}],"collection":[{"href":"https:\/\/villa-blanka.eu\/hr\/wp-json\/wp\/v2\/pages"}],"about":[{"href":"https:\/\/villa-blanka.eu\/hr\/wp-json\/wp\/v2\/types\/page"}],"author":[{"embeddable":true,"href":"https:\/\/villa-blanka.eu\/hr\/wp-json\/wp\/v2\/users\/1"}],"replies":[{"embeddable":true,"href":"https:\/\/villa-blanka.eu\/hr\/wp-json\/wp\/v2\/comments?post=2320"}],"version-history":[{"count":1,"href":"https:\/\/villa-blanka.eu\/hr\/wp-json\/wp\/v2\/pages\/2320\/revisions"}],"predecessor-version":[{"id":2321,"href":"https:\/\/villa-blanka.eu\/hr\/wp-json\/wp\/v2\/pages\/2320\/revisions\/2321"}],"wp:attachment":[{"href":"https:\/\/villa-blanka.eu\/hr\/wp-json\/wp\/v2\/media?parent=2320"}],"curies":[{"name":"wp","href":"https:\/\/api.w.org\/{rel}","templated":true}]}}