{"id":2318,"date":"2020-04-22T13:01:53","date_gmt":"2020-04-22T13:01:53","guid":{"rendered":"https:\/\/villa-blanka.eu\/pravila-o-kolacicima\/"},"modified":"2020-04-22T13:01:53","modified_gmt":"2020-04-22T13:01:53","slug":"pravila-o-kolacicima","status":"publish","type":"page","link":"https:\/\/villa-blanka.eu\/hr\/pravila-o-kolacicima\/","title":{"rendered":"Pravila o kola\u010di\u0107ima"},"content":{"rendered":"<div class=\"cli_pg_page_contaner\">\n<h3>About this cookie policy<\/h3>\n<div>\n<p>Ova Pravila o kola\u010di\u0107ima obja\u0161njavaju \u0161to su kola\u010di\u0107i i kako ih koristimo. You should read this policy to understand what cookies are, how we use them, the types of cookies we use i.e, the information we collect using cookies and how that information is used and how to control the cookie preferences. Za dodatne informacije o tome kako koristimo, pohranjujemo i \u010duvamo va\u0161e osobne podatke, pogledajte na\u0161u Politiku privatnosti.<\/p>\n<p>Mo\u017eete u bilo kojem trenutku promijeniti ili povu\u0107i svoj pristanak iz Izjave o kola\u010di\u0107ima na na\u0161oj web stranici.<br \/>\nSaznajte vi\u0161e o tome tko smo, kako nas mo\u017eete kontaktirati i kako obra\u0111ujemo osobne podatke u na\u0161im Pravilima o privatnosti.<br \/>\nVa\u0161 pristanak odnosi se na sljede\u0107e domene: villa-blanka.eu<br \/>\n<div class=\"cli_user_consent_state\">Va\u0161e trenutno stanje: Nema pristanka. <a class=\"cli_manage_current_consent\" style=\"cursor:pointer;text-decoration:underline;\">Upravljajte svojim pristankom.<\/a> <\/div>\n<\/div>\n<h3>\u0160to su kola\u010di\u0107i?<\/h3>\n<div>Kola\u010di\u0107i su male tekstualne datoteke koje se koriste za pohranu malih dijelova informacija. The cookies are stored on your device when the website is loaded on your browser. Ovi kola\u010di\u0107i poma\u017eu nam da ispravno funkcioniramo web mjesto, u\u010dinimo web mjesto sigurnijim, pru\u017eamo bolje korisni\u010dko iskustvo i razumijemo kako web mjesto funkcionira i analiziramo \u0161to radi i gdje treba pobolj\u0161ati.<\/div>\n<h3>Kako koristimo kola\u010di\u0107e?<\/h3>\n<div>\n<p>Kao i ve\u0107ina internetskih usluga, na\u0161a web stranica koristi kola\u010di\u0107e kola\u010di\u0107e prve i tre\u0107e strane u brojne svrhe. Kola\u010di\u0107i prve strane uglavnom su potrebni da web mjesto funkcionira na pravi na\u010din i ne prikupljaju nikakve va\u0161e osobne podatke.<\/p>\n<p>Kola\u010di\u0107i tre\u0107e strane koji se upotrebljavaju na na\u0161im web stranicama uglavnom se koriste za razumijevanje izvedbe web mjesta, interakcije s na\u0161om web stranicom, odr\u017eavanje na\u0161ih usluga sigurnim, pru\u017eanje reklama koje su relevantne za vas i sve u svemu pru\u017eamo vam bolje i bolje korisni\u010dko iskustvo i pomo\u0107i vam da ubrzate budu\u0107e interakcije s na\u0161om web stranicom.<\/p>\n<\/div>\n<h3>Koje vrste kola\u010di\u0107a koristimo?<\/h3>\n<div>\n<p>Bitno: Neki su kola\u010di\u0107i klju\u010dni kako biste mogli do\u017eivjeti potpunu funkcionalnost na\u0161e web stranice. Omogu\u0107uju nam odr\u017eavanje korisni\u010dkih sesija i sprje\u010davanje bilo kakvih sigurnosnih prijetnji. Ne prikupljaju niti pohranjuju nikakve osobne podatke. Na primjer, ti kola\u010di\u0107i omogu\u0107uju vam da se prijavite na svoj ra\u010dun te dodate proizvode u svoju ko\u0161aricu i na siguran na\u010din.<\/p>\n<p>Statistika: Ovi kola\u010di\u0107i pohranjuju informacije poput broja posjetitelja web stranice, broja jedinstvenih posjetitelja, koje su stranice posje\u0107ene, izvor posjete itd. Ovi nam podaci poma\u017eu u razumijevanju i analiziranju uspje\u0161nosti web mjesta i mjesta pobolj\u0161anja.<\/p>\n<p>Marketing: Na\u0161a web stranica prikazuje oglase. Ovi kola\u010di\u0107i koriste se za personaliziranje reklama koje vam prikazujemo tako da vam imaju smisla. Ovi kola\u010di\u0107i tako\u0111er nam poma\u017eu da pratimo u\u010dinkovitost ovih oglasnih kampanja.<br \/>\nInformacije pohranjene u ovim kola\u010di\u0107ima tre\u0107i proizvo\u0111a\u010di oglasa mogu tako\u0111er koristiti za prikazivanje oglasa na ostalim web lokacijama u pregledniku.<\/p>\n<p>Funkcionalni: Ovo su kola\u010di\u0107i koji poma\u017eu odre\u0111ene nebitne funkcionalnosti na na\u0161oj web stranici. Te funkcionalnosti uklju\u010duju ugradnju sadr\u017eaja poput videozapisa ili dijeljenje sadr\u017eaja na web mjestu na platformama dru\u0161tvenih medija.<\/p>\n<p>Postavke: Ovi kola\u010di\u0107i poma\u017eu nam da pohranimo va\u0161e postavke i postavke pretra\u017eivanja poput preferencija jezika, tako da imate bolje i efikasnije iskustvo budu\u0107ih posjeta web mjestu.<br \/>\n<\/p>\n<\/div>\n<h3>Kako mogu kontrolirati postavke kola\u010di\u0107a?<\/h3>\n<div>\n<p>Ako odlu\u010dite naknadno promijeniti svoje postavke tijekom sesije pregledavanja, na zaslonu mo\u017eete kliknuti karticu &#8220;Privatnost i kola\u010di\u0107e&#8221;. To \u0107e opet prikazati obavijest o pristanku koja vam omogu\u0107uje da promijenite svoje postavke ili u potpunosti povu\u010dete svoj pristanak.<\/p>\n<p>Uz to, razli\u010diti preglednici pru\u017eaju razli\u010dite metode za blokiranje i brisanje kola\u010di\u0107a koje koriste web stranice. Mo\u017eete promijeniti postavke preglednika da biste blokirali \/ izbrisali kola\u010di\u0107e. Da biste saznali vi\u0161e o upravljanju i brisanju kola\u010di\u0107a, posjetite wikipedia.org, www.allaboutcookies.org.<\/p>\n<\/div>\n<\/div>\n","protected":false},"excerpt":{"rendered":"<p>About this cookie policy Ova Pravila o kola\u010di\u0107ima obja\u0161njavaju \u0161to su kola\u010di\u0107i i kako ih koristimo. You should read this policy to understand what cookies are, how we use them, the types of cookies we use i.e, the information we collect using cookies and how that information is used and how to control the cookie&hellip;<\/p>\n","protected":false},"author":1,"featured_media":0,"parent":0,"menu_order":0,"comment_status":"closed","ping_status":"closed","template":"","meta":{"ngg_post_thumbnail":0,"footnotes":""},"yoast_head":"<!-- This site is optimized with the Yoast SEO plugin v22.9 - https:\/\/yoast.com\/wordpress\/plugins\/seo\/ -->\n<title>Pravila o kola\u010di\u0107ima - Villa Blanka<\/title>\n<meta name=\"robots\" content=\"index, follow, max-snippet:-1, max-image-preview:large, max-video-preview:-1\" \/>\n<link rel=\"canonical\" href=\"https:\/\/villa-blanka.eu\/hr\/pravila-o-kolacicima\/\" \/>\n<meta property=\"og:locale\" content=\"hr_HR\" \/>\n<meta property=\"og:type\" content=\"article\" \/>\n<meta property=\"og:title\" content=\"Pravila o kola\u010di\u0107ima - Villa Blanka\" \/>\n<meta property=\"og:description\" content=\"About this cookie policy Ova Pravila o kola\u010di\u0107ima obja\u0161njavaju \u0161to su kola\u010di\u0107i i kako ih koristimo. You should read this policy to understand what cookies are, how we use them, the types of cookies we use i.e, the information we collect using cookies and how that information is used and how to control the cookie&hellip;\" \/>\n<meta property=\"og:url\" content=\"https:\/\/villa-blanka.eu\/hr\/pravila-o-kolacicima\/\" \/>\n<meta property=\"og:site_name\" content=\"Villa Blanka\" \/>\n<meta name=\"twitter:card\" content=\"summary_large_image\" \/>\n<meta name=\"twitter:label1\" content=\"Procijenjeno vrijeme \u010ditanja\" \/>\n\t<meta name=\"twitter:data1\" content=\"4 minute\" \/>\n<script type=\"application\/ld+json\" class=\"yoast-schema-graph\">{\"@context\":\"https:\/\/schema.org\",\"@graph\":[{\"@type\":\"WebPage\",\"@id\":\"https:\/\/villa-blanka.eu\/hr\/pravila-o-kolacicima\/\",\"url\":\"https:\/\/villa-blanka.eu\/hr\/pravila-o-kolacicima\/\",\"name\":\"Pravila o kola\u010di\u0107ima - Villa Blanka\",\"isPartOf\":{\"@id\":\"https:\/\/villa-blanka.eu\/#website\"},\"datePublished\":\"2020-04-22T13:01:53+00:00\",\"dateModified\":\"2020-04-22T13:01:53+00:00\",\"breadcrumb\":{\"@id\":\"https:\/\/villa-blanka.eu\/hr\/pravila-o-kolacicima\/#breadcrumb\"},\"inLanguage\":\"hr\",\"potentialAction\":[{\"@type\":\"ReadAction\",\"target\":[\"https:\/\/villa-blanka.eu\/hr\/pravila-o-kolacicima\/\"]}]},{\"@type\":\"BreadcrumbList\",\"@id\":\"https:\/\/villa-blanka.eu\/hr\/pravila-o-kolacicima\/#breadcrumb\",\"itemListElement\":[{\"@type\":\"ListItem\",\"position\":1,\"name\":\"Home\",\"item\":\"https:\/\/villa-blanka.eu\/hr\/\"},{\"@type\":\"ListItem\",\"position\":2,\"name\":\"Pravila o kola\u010di\u0107ima\"}]},{\"@type\":\"WebSite\",\"@id\":\"https:\/\/villa-blanka.eu\/#website\",\"url\":\"https:\/\/villa-blanka.eu\/\",\"name\":\"Villa Blanka\",\"description\":\"Luxury villa Blanka\",\"publisher\":{\"@id\":\"https:\/\/villa-blanka.eu\/#organization\"},\"potentialAction\":[{\"@type\":\"SearchAction\",\"target\":{\"@type\":\"EntryPoint\",\"urlTemplate\":\"https:\/\/villa-blanka.eu\/?s={search_term_string}\"},\"query-input\":\"required name=search_term_string\"}],\"inLanguage\":\"hr\"},{\"@type\":\"Organization\",\"@id\":\"https:\/\/villa-blanka.eu\/#organization\",\"name\":\"Villa Blanka\",\"url\":\"https:\/\/villa-blanka.eu\/\",\"logo\":{\"@type\":\"ImageObject\",\"inLanguage\":\"hr\",\"@id\":\"https:\/\/villa-blanka.eu\/#\/schema\/logo\/image\/\",\"url\":\"https:\/\/villa-blanka.eu\/wp-content\/uploads\/2020\/03\/logo-3a.png\",\"contentUrl\":\"https:\/\/villa-blanka.eu\/wp-content\/uploads\/2020\/03\/logo-3a.png\",\"width\":100,\"height\":111,\"caption\":\"Villa Blanka\"},\"image\":{\"@id\":\"https:\/\/villa-blanka.eu\/#\/schema\/logo\/image\/\"}}]}<\/script>\n<!-- \/ Yoast SEO plugin. -->","yoast_head_json":{"title":"Pravila o kola\u010di\u0107ima - Villa Blanka","robots":{"index":"index","follow":"follow","max-snippet":"max-snippet:-1","max-image-preview":"max-image-preview:large","max-video-preview":"max-video-preview:-1"},"canonical":"https:\/\/villa-blanka.eu\/hr\/pravila-o-kolacicima\/","og_locale":"hr_HR","og_type":"article","og_title":"Pravila o kola\u010di\u0107ima - Villa Blanka","og_description":"About this cookie policy Ova Pravila o kola\u010di\u0107ima obja\u0161njavaju \u0161to su kola\u010di\u0107i i kako ih koristimo. You should read this policy to understand what cookies are, how we use them, the types of cookies we use i.e, the information we collect using cookies and how that information is used and how to control the cookie&hellip;","og_url":"https:\/\/villa-blanka.eu\/hr\/pravila-o-kolacicima\/","og_site_name":"Villa Blanka","twitter_card":"summary_large_image","twitter_misc":{"Procijenjeno vrijeme \u010ditanja":"4 minute"},"schema":{"@context":"https:\/\/schema.org","@graph":[{"@type":"WebPage","@id":"https:\/\/villa-blanka.eu\/hr\/pravila-o-kolacicima\/","url":"https:\/\/villa-blanka.eu\/hr\/pravila-o-kolacicima\/","name":"Pravila o kola\u010di\u0107ima - Villa Blanka","isPartOf":{"@id":"https:\/\/villa-blanka.eu\/#website"},"datePublished":"2020-04-22T13:01:53+00:00","dateModified":"2020-04-22T13:01:53+00:00","breadcrumb":{"@id":"https:\/\/villa-blanka.eu\/hr\/pravila-o-kolacicima\/#breadcrumb"},"inLanguage":"hr","potentialAction":[{"@type":"ReadAction","target":["https:\/\/villa-blanka.eu\/hr\/pravila-o-kolacicima\/"]}]},{"@type":"BreadcrumbList","@id":"https:\/\/villa-blanka.eu\/hr\/pravila-o-kolacicima\/#breadcrumb","itemListElement":[{"@type":"ListItem","position":1,"name":"Home","item":"https:\/\/villa-blanka.eu\/hr\/"},{"@type":"ListItem","position":2,"name":"Pravila o kola\u010di\u0107ima"}]},{"@type":"WebSite","@id":"https:\/\/villa-blanka.eu\/#website","url":"https:\/\/villa-blanka.eu\/","name":"Villa Blanka","description":"Luxury villa Blanka","publisher":{"@id":"https:\/\/villa-blanka.eu\/#organization"},"potentialAction":[{"@type":"SearchAction","target":{"@type":"EntryPoint","urlTemplate":"https:\/\/villa-blanka.eu\/?s={search_term_string}"},"query-input":"required name=search_term_string"}],"inLanguage":"hr"},{"@type":"Organization","@id":"https:\/\/villa-blanka.eu\/#organization","name":"Villa Blanka","url":"https:\/\/villa-blanka.eu\/","logo":{"@type":"ImageObject","inLanguage":"hr","@id":"https:\/\/villa-blanka.eu\/#\/schema\/logo\/image\/","url":"https:\/\/villa-blanka.eu\/wp-content\/uploads\/2020\/03\/logo-3a.png","contentUrl":"https:\/\/villa-blanka.eu\/wp-content\/uploads\/2020\/03\/logo-3a.png","width":100,"height":111,"caption":"Villa Blanka"},"image":{"@id":"https:\/\/villa-blanka.eu\/#\/schema\/logo\/image\/"}}]}},"_links":{"self":[{"href":"https:\/\/villa-blanka.eu\/hr\/wp-json\/wp\/v2\/pages\/2318"}],"collection":[{"href":"https:\/\/villa-blanka.eu\/hr\/wp-json\/wp\/v2\/pages"}],"about":[{"href":"https:\/\/villa-blanka.eu\/hr\/wp-json\/wp\/v2\/types\/page"}],"author":[{"embeddable":true,"href":"https:\/\/villa-blanka.eu\/hr\/wp-json\/wp\/v2\/users\/1"}],"replies":[{"embeddable":true,"href":"https:\/\/villa-blanka.eu\/hr\/wp-json\/wp\/v2\/comments?post=2318"}],"version-history":[{"count":0,"href":"https:\/\/villa-blanka.eu\/hr\/wp-json\/wp\/v2\/pages\/2318\/revisions"}],"wp:attachment":[{"href":"https:\/\/villa-blanka.eu\/hr\/wp-json\/wp\/v2\/media?parent=2318"}],"curies":[{"name":"wp","href":"https:\/\/api.w.org\/{rel}","templated":true}]}}